{"id":239,"date":"2022-06-10T04:02:43","date_gmt":"2022-06-10T04:02:43","guid":{"rendered":"https:\/\/fagorcookware.com\/linea-future\/?page_id=239"},"modified":"2022-06-10T04:31:40","modified_gmt":"2022-06-10T04:31:40","slug":"que-productos-necesito","status":"publish","type":"page","link":"https:\/\/fagorcookware.com\/linea-future\/que-productos-necesito\/","title":{"rendered":"Consejos"},"content":{"rendered":"\t\t<div data-elementor-type=\"wp-page\" data-elementor-id=\"239\" class=\"elementor elementor-239\" data-elementor-post-type=\"page\">\n\t\t\t\t\t\t<section class=\"elementor-section elementor-top-section elementor-element elementor-element-79021b6b elementor-section-boxed elementor-section-height-default elementor-section-height-default\" data-id=\"79021b6b\" data-element_type=\"section\">\n\t\t\t\t\t\t<div class=\"elementor-container elementor-column-gap-default\">\n\t\t\t\t\t<div class=\"elementor-column elementor-col-100 elementor-top-column elementor-element elementor-element-3ba95777\" data-id=\"3ba95777\" data-element_type=\"column\">\n\t\t\t<div class=\"elementor-widget-wrap elementor-element-populated\">\n\t\t\t\t\t\t<div class=\"elementor-element elementor-element-691d5c8f elementor-widget elementor-widget-breadcrumbs\" data-id=\"691d5c8f\" data-element_type=\"widget\" data-widget_type=\"breadcrumbs.default\">\n\t\t\t\t<div class=\"elementor-widget-container\">\n\t\t\t\t\t<p id=\"breadcrumbs\"><span><span><a href=\"https:\/\/fagorcookware.com\/linea-future\/\">Portada<\/a><\/span><\/span><\/p>\t\t\t\t<\/div>\n\t\t\t\t<\/div>\n\t\t\t\t\t<\/div>\n\t\t<\/div>\n\t\t\t\t\t<\/div>\n\t\t<\/section>\n\t\t\t\t<section class=\"elementor-section elementor-top-section elementor-element elementor-element-7a2f1d1a elementor-section-boxed elementor-section-height-default elementor-section-height-default\" data-id=\"7a2f1d1a\" data-element_type=\"section\">\n\t\t\t\t\t\t<div class=\"elementor-container elementor-column-gap-default\">\n\t\t\t\t\t<div class=\"elementor-column elementor-col-100 elementor-top-column elementor-element elementor-element-357bd6b4\" data-id=\"357bd6b4\" data-element_type=\"column\">\n\t\t\t<div class=\"elementor-widget-wrap elementor-element-populated\">\n\t\t\t\t\t\t<div class=\"elementor-element elementor-element-64f7a6d4 elementor-widget elementor-widget-heading\" data-id=\"64f7a6d4\" data-element_type=\"widget\" data-widget_type=\"heading.default\">\n\t\t\t\t<div class=\"elementor-widget-container\">\n\t\t\t\t\t<h2 class=\"elementor-heading-title elementor-size-default\">Te ayudamos a elegir el producto que mejor se adapta a tus necesidades<\/h2>\t\t\t\t<\/div>\n\t\t\t\t<\/div>\n\t\t\t\t\t<\/div>\n\t\t<\/div>\n\t\t\t\t\t<\/div>\n\t\t<\/section>\n\t\t\t\t<section class=\"elementor-section elementor-top-section elementor-element elementor-element-38dd9a87 elementor-section-boxed elementor-section-height-default elementor-section-height-default\" data-id=\"38dd9a87\" data-element_type=\"section\">\n\t\t\t\t\t\t<div class=\"elementor-container elementor-column-gap-default\">\n\t\t\t\t\t<div class=\"elementor-column elementor-col-33 elementor-top-column elementor-element elementor-element-15c05103\" data-id=\"15c05103\" data-element_type=\"column\" data-settings=\"{&quot;animation_mobile&quot;:&quot;fadeInRight&quot;}\">\n\t\t\t<div class=\"elementor-widget-wrap elementor-element-populated\">\n\t\t\t\t\t\t<div class=\"elementor-element elementor-element-468812f7 elementor-cta--skin-cover elementor-cta--sequenced-animation elementor-cta--valign-top elementor-animated-content elementor-bg-transform elementor-bg-transform-zoom-in elementor-widget elementor-widget-call-to-action\" data-id=\"468812f7\" data-element_type=\"widget\" data-widget_type=\"call-to-action.default\">\n\t\t\t\t<div class=\"elementor-widget-container\">\n\t\t\t\t\t\t\t<a class=\"elementor-cta\" href=\"https:\/\/fagorcookware.com\/linea-future\/que-productos-necesito\/nuevo-consejo-prueba\/\">\n\t\t\t\t\t<div class=\"elementor-cta__bg-wrapper\">\n\t\t\t\t<div class=\"elementor-cta__bg elementor-bg\" style=\"background-image: url(https:\/\/fagorcookware.com\/linea-future\/wp-content\/uploads\/sites\/20\/2022\/06\/Ollas-a-presion.jpg);\" role=\"img\" aria-label=\"Ollas-a-presi\u00f3n.jpg\"><\/div>\n\t\t\t\t<div class=\"elementor-cta__bg-overlay\"><\/div>\n\t\t\t<\/div>\n\t\t\t\t\t\t\t<div class=\"elementor-cta__content\">\n\t\t\t\t\n\t\t\t\t\t\t\t\t\t<h2 class=\"elementor-cta__title elementor-cta__content-item elementor-content-item elementor-animated-item--enter-from-right\">\n\t\t\t\t\t\tESCOGER\t\t\t\t\t<\/h2>\n\t\t\t\t\n\t\t\t\t\t\t\t\t\t<div class=\"elementor-cta__description elementor-cta__content-item elementor-content-item elementor-animated-item--enter-from-right\">\n\t\t\t\t\t\tOllas a presi\u00f3n\t\t\t\t\t<\/div>\n\t\t\t\t\n\t\t\t\t\t\t\t\t\t<div class=\"elementor-cta__button-wrapper elementor-cta__content-item elementor-content-item elementor-animated-item--enter-from-right\">\n\t\t\t\t\t<span class=\"elementor-cta__button elementor-button elementor-size-\">\n\t\t\t\t\t\tClick aqu\u00ed\t\t\t\t\t<\/span>\n\t\t\t\t\t<\/div>\n\t\t\t\t\t\t\t<\/div>\n\t\t\t\t\t\t<\/a>\n\t\t\t\t\t\t<\/div>\n\t\t\t\t<\/div>\n\t\t\t\t\t<\/div>\n\t\t<\/div>\n\t\t\t\t<div class=\"elementor-column elementor-col-33 elementor-top-column elementor-element elementor-element-1bab843c elementor-hidden-phone\" data-id=\"1bab843c\" data-element_type=\"column\" data-settings=\"{&quot;animation_mobile&quot;:&quot;fadeInRight&quot;}\">\n\t\t\t<div class=\"elementor-widget-wrap\">\n\t\t\t\t\t\t\t<\/div>\n\t\t<\/div>\n\t\t\t\t<div class=\"elementor-column elementor-col-33 elementor-top-column elementor-element elementor-element-2290838f\" data-id=\"2290838f\" data-element_type=\"column\" data-settings=\"{&quot;animation_mobile&quot;:&quot;fadeInLeft&quot;}\">\n\t\t\t<div class=\"elementor-widget-wrap elementor-element-populated\">\n\t\t\t\t\t\t<div class=\"elementor-element elementor-element-5e634c72 elementor-cta--skin-cover elementor-cta--sequenced-animation elementor-cta--valign-top elementor-animated-content elementor-bg-transform elementor-bg-transform-zoom-in elementor-widget elementor-widget-call-to-action\" data-id=\"5e634c72\" data-element_type=\"widget\" data-widget_type=\"call-to-action.default\">\n\t\t\t\t<div class=\"elementor-widget-container\">\n\t\t\t\t\t\t\t<a class=\"elementor-cta\" href=\"https:\/\/fagorcookware.com\/linea-future\/que-productos-necesito-2\/consejos-interno\/\">\n\t\t\t\t\t<div class=\"elementor-cta__bg-wrapper\">\n\t\t\t\t<div class=\"elementor-cta__bg elementor-bg\" style=\"background-image: url(https:\/\/fagorcookware.com\/linea-future\/wp-content\/uploads\/sites\/20\/2022\/06\/sartenes.jpg);\" role=\"img\" aria-label=\"sartenes.jpg\"><\/div>\n\t\t\t\t<div class=\"elementor-cta__bg-overlay\"><\/div>\n\t\t\t<\/div>\n\t\t\t\t\t\t\t<div class=\"elementor-cta__content\">\n\t\t\t\t\n\t\t\t\t\t\t\t\t\t<h2 class=\"elementor-cta__title elementor-cta__content-item elementor-content-item elementor-animated-item--enter-from-right\">\n\t\t\t\t\t\tESCOGER\t\t\t\t\t<\/h2>\n\t\t\t\t\n\t\t\t\t\t\t\t\t\t<div class=\"elementor-cta__description elementor-cta__content-item elementor-content-item elementor-animated-item--enter-from-right\">\n\t\t\t\t\t\tSartenes\t\t\t\t\t<\/div>\n\t\t\t\t\n\t\t\t\t\t\t\t\t\t<div class=\"elementor-cta__button-wrapper elementor-cta__content-item elementor-content-item elementor-animated-item--enter-from-right\">\n\t\t\t\t\t<span class=\"elementor-cta__button elementor-button elementor-size-\">\n\t\t\t\t\t\tClick aqu\u00ed\t\t\t\t\t<\/span>\n\t\t\t\t\t<\/div>\n\t\t\t\t\t\t\t<\/div>\n\t\t\t\t\t\t<\/a>\n\t\t\t\t\t\t<\/div>\n\t\t\t\t<\/div>\n\t\t\t\t\t<\/div>\n\t\t<\/div>\n\t\t\t\t\t<\/div>\n\t\t<\/section>\n\t\t\t\t<section class=\"elementor-section elementor-top-section elementor-element elementor-element-50c49fbb elementor-section-boxed elementor-section-height-default elementor-section-height-default\" data-id=\"50c49fbb\" data-element_type=\"section\">\n\t\t\t\t\t\t<div class=\"elementor-container elementor-column-gap-default\">\n\t\t\t\t\t<div class=\"elementor-column elementor-col-33 elementor-top-column elementor-element elementor-element-3a379639\" data-id=\"3a379639\" data-element_type=\"column\" data-settings=\"{&quot;animation_mobile&quot;:&quot;fadeInRight&quot;}\">\n\t\t\t<div class=\"elementor-widget-wrap elementor-element-populated\">\n\t\t\t\t\t\t<div class=\"elementor-element elementor-element-2f452ae3 elementor-cta--skin-cover elementor-cta--sequenced-animation elementor-cta--valign-top elementor-animated-content elementor-bg-transform elementor-bg-transform-zoom-in elementor-widget elementor-widget-call-to-action\" data-id=\"2f452ae3\" data-element_type=\"widget\" data-widget_type=\"call-to-action.default\">\n\t\t\t\t<div class=\"elementor-widget-container\">\n\t\t\t\t\t\t\t<a class=\"elementor-cta\" href=\"https:\/\/fagorcookware.com\/linea-future\/que-productos-necesito-2\/consejos-interno\/\">\n\t\t\t\t\t<div class=\"elementor-cta__bg-wrapper\">\n\t\t\t\t<div class=\"elementor-cta__bg elementor-bg\" style=\"background-image: url(https:\/\/fagorcookware.com\/linea-future\/wp-content\/uploads\/sites\/20\/2022\/06\/ollas-y-cacerolas.jpg);\" role=\"img\" aria-label=\"ollas-y-cacerolas.jpg\"><\/div>\n\t\t\t\t<div class=\"elementor-cta__bg-overlay\"><\/div>\n\t\t\t<\/div>\n\t\t\t\t\t\t\t<div class=\"elementor-cta__content\">\n\t\t\t\t\n\t\t\t\t\t\t\t\t\t<h2 class=\"elementor-cta__title elementor-cta__content-item elementor-content-item elementor-animated-item--enter-from-right\">\n\t\t\t\t\t\tESCOGER\t\t\t\t\t<\/h2>\n\t\t\t\t\n\t\t\t\t\t\t\t\t\t<div class=\"elementor-cta__description elementor-cta__content-item elementor-content-item elementor-animated-item--enter-from-right\">\n\t\t\t\t\t\tOllas y cacerolas\t\t\t\t\t<\/div>\n\t\t\t\t\n\t\t\t\t\t\t\t\t\t<div class=\"elementor-cta__button-wrapper elementor-cta__content-item elementor-content-item elementor-animated-item--enter-from-right\">\n\t\t\t\t\t<span class=\"elementor-cta__button elementor-button elementor-size-\">\n\t\t\t\t\t\tClick aqu\u00ed\t\t\t\t\t<\/span>\n\t\t\t\t\t<\/div>\n\t\t\t\t\t\t\t<\/div>\n\t\t\t\t\t\t<\/a>\n\t\t\t\t\t\t<\/div>\n\t\t\t\t<\/div>\n\t\t\t\t\t<\/div>\n\t\t<\/div>\n\t\t\t\t<div class=\"elementor-column elementor-col-33 elementor-top-column elementor-element elementor-element-6a3b102a elementor-hidden-phone\" data-id=\"6a3b102a\" data-element_type=\"column\" data-settings=\"{&quot;animation_mobile&quot;:&quot;fadeInRight&quot;}\">\n\t\t\t<div class=\"elementor-widget-wrap\">\n\t\t\t\t\t\t\t<\/div>\n\t\t<\/div>\n\t\t\t\t<div class=\"elementor-column elementor-col-33 elementor-top-column elementor-element elementor-element-66eb0cda elementor-hidden-phone\" data-id=\"66eb0cda\" data-element_type=\"column\" data-settings=\"{&quot;animation_mobile&quot;:&quot;fadeInLeft&quot;}\">\n\t\t\t<div class=\"elementor-widget-wrap\">\n\t\t\t\t\t\t\t<\/div>\n\t\t<\/div>\n\t\t\t\t\t<\/div>\n\t\t<\/section>\n\t\t\t\t<section class=\"elementor-section elementor-top-section elementor-element elementor-element-5adf69af elementor-section-stretched elementor-section-full_width elementor-section-height-default elementor-section-height-default\" data-id=\"5adf69af\" data-element_type=\"section\" data-settings=\"{&quot;stretch_section&quot;:&quot;section-stretched&quot;}\">\n\t\t\t\t\t\t<div class=\"elementor-container elementor-column-gap-no\">\n\t\t\t\t\t<div class=\"elementor-column elementor-col-100 elementor-top-column elementor-element elementor-element-2f49c95b\" data-id=\"2f49c95b\" data-element_type=\"column\">\n\t\t\t<div class=\"elementor-widget-wrap elementor-element-populated\">\n\t\t\t\t\t\t<div class=\"elementor-element elementor-element-34374d4e elementor-widget elementor-widget-shortcode\" data-id=\"34374d4e\" data-element_type=\"widget\" data-widget_type=\"shortcode.default\">\n\t\t\t\t<div class=\"elementor-widget-container\">\n\t\t\t\t\t\t\t<div class=\"elementor-shortcode\"><\/div>\n\t\t\t\t\t\t<\/div>\n\t\t\t\t<\/div>\n\t\t\t\t\t<\/div>\n\t\t<\/div>\n\t\t\t\t\t<\/div>\n\t\t<\/section>\n\t\t\t\t<section class=\"elementor-section elementor-top-section elementor-element elementor-element-5c0f270c elementor-section-boxed elementor-section-height-default elementor-section-height-default\" data-id=\"5c0f270c\" data-element_type=\"section\" data-settings=\"{&quot;background_background&quot;:&quot;classic&quot;}\">\n\t\t\t\t\t\t<div class=\"elementor-container elementor-column-gap-default\">\n\t\t\t\t\t<div class=\"elementor-column elementor-col-25 elementor-top-column elementor-element elementor-element-8812ed8\" data-id=\"8812ed8\" data-element_type=\"column\">\n\t\t\t<div class=\"elementor-widget-wrap\">\n\t\t\t\t\t\t\t<\/div>\n\t\t<\/div>\n\t\t\t\t<div class=\"elementor-column elementor-col-25 elementor-top-column elementor-element elementor-element-79ad4592\" data-id=\"79ad4592\" data-element_type=\"column\">\n\t\t\t<div class=\"elementor-widget-wrap elementor-element-populated\">\n\t\t\t\t\t\t\t<\/div>\n\t\t<\/div>\n\t\t\t\t<div class=\"elementor-column elementor-col-25 elementor-top-column elementor-element elementor-element-3bd8236f\" data-id=\"3bd8236f\" data-element_type=\"column\">\n\t\t\t<div class=\"elementor-widget-wrap elementor-element-populated\">\n\t\t\t\t\t\t\t<\/div>\n\t\t<\/div>\n\t\t\t\t<div class=\"elementor-column elementor-col-25 elementor-top-column elementor-element elementor-element-30be4f4d\" data-id=\"30be4f4d\" data-element_type=\"column\">\n\t\t\t<div class=\"elementor-widget-wrap elementor-element-populated\">\n\t\t\t\t\t\t<div class=\"elementor-element elementor-element-330e3e55 elementor-widget elementor-widget-text-editor\" data-id=\"330e3e55\" data-element_type=\"widget\" data-widget_type=\"text-editor.default\">\n\t\t\t\t<div class=\"elementor-widget-container\">\n\t\t\t\t\t\t\t\t\t<p>Cantra s.l. fabrica y\/o comercializa productos Fagor bajo licencia de la marca Fagor<\/p>\t\t\t\t\t\t\t\t<\/div>\n\t\t\t\t<\/div>\n\t\t\t\t\t<\/div>\n\t\t<\/div>\n\t\t\t\t\t<\/div>\n\t\t<\/section>\n\t\t\t\t<\/div>\n\t\t","protected":false},"excerpt":{"rendered":"<p>Te ayudamos a elegir el producto que mejor se adapta a tus necesidades ESCOGER Ollas a presi\u00f3n Click aqu\u00ed ESCOGER Sartenes Click aqu\u00ed ESCOGER Ollas y cacerolas Click aqu\u00ed Cantra s.l. fabrica y\/o comercializa productos Fagor bajo licencia de la marca Fagor<\/p>\n","protected":false},"author":1,"featured_media":0,"parent":0,"menu_order":0,"comment_status":"closed","ping_status":"closed","template":"elementor_header_footer","meta":{"_acf_changed":false,"footnotes":""},"class_list":["post-239","page","type-page","status-publish"],"acf":[],"yoast_head":"<!-- This site is optimized with the Yoast SEO plugin v25.2 - https:\/\/yoast.com\/wordpress\/plugins\/seo\/ -->\n<title>Consejos - Linea Future<\/title>\n<meta name=\"robots\" content=\"index, follow, max-snippet:-1, max-image-preview:large, max-video-preview:-1\" \/>\n<link rel=\"canonical\" href=\"https:\/\/fagorcookware.com\/linea-future\/que-productos-necesito\/\" \/>\n<meta property=\"og:locale\" content=\"es_ES\" \/>\n<meta property=\"og:type\" content=\"article\" \/>\n<meta property=\"og:title\" content=\"Consejos - Linea Future\" \/>\n<meta property=\"og:description\" content=\"Te ayudamos a elegir el producto que mejor se adapta a tus necesidades ESCOGER Ollas a presi\u00f3n Click aqu\u00ed ESCOGER Sartenes Click aqu\u00ed ESCOGER Ollas y cacerolas Click aqu\u00ed Cantra s.l. fabrica y\/o comercializa productos Fagor bajo licencia de la marca Fagor\" \/>\n<meta property=\"og:url\" content=\"https:\/\/fagorcookware.com\/linea-future\/que-productos-necesito\/\" \/>\n<meta property=\"og:site_name\" content=\"Linea Future\" \/>\n<meta property=\"article:modified_time\" content=\"2022-06-10T04:31:40+00:00\" \/>\n<meta name=\"twitter:card\" content=\"summary_large_image\" \/>\n<script type=\"application\/ld+json\" class=\"yoast-schema-graph\">{\"@context\":\"https:\/\/schema.org\",\"@graph\":[{\"@type\":\"WebPage\",\"@id\":\"https:\/\/fagorcookware.com\/linea-future\/que-productos-necesito\/\",\"url\":\"https:\/\/fagorcookware.com\/linea-future\/que-productos-necesito\/\",\"name\":\"Consejos - Linea Future\",\"isPartOf\":{\"@id\":\"https:\/\/fagorcookware.com\/linea-future\/#website\"},\"datePublished\":\"2022-06-10T04:02:43+00:00\",\"dateModified\":\"2022-06-10T04:31:40+00:00\",\"breadcrumb\":{\"@id\":\"https:\/\/fagorcookware.com\/linea-future\/que-productos-necesito\/#breadcrumb\"},\"inLanguage\":\"es\",\"potentialAction\":[{\"@type\":\"ReadAction\",\"target\":[\"https:\/\/fagorcookware.com\/linea-future\/que-productos-necesito\/\"]}]},{\"@type\":\"BreadcrumbList\",\"@id\":\"https:\/\/fagorcookware.com\/linea-future\/que-productos-necesito\/#breadcrumb\",\"itemListElement\":[{\"@type\":\"ListItem\",\"position\":1,\"name\":\"Portada\",\"item\":\"https:\/\/fagorcookware.com\/linea-future\/\"},{\"@type\":\"ListItem\",\"position\":2,\"name\":\"Consejos\"}]},{\"@type\":\"WebSite\",\"@id\":\"https:\/\/fagorcookware.com\/linea-future\/#website\",\"url\":\"https:\/\/fagorcookware.com\/linea-future\/\",\"name\":\"Linea Future\",\"description\":\"Otro sitio m\u00e1s de Fagorcookware [CENTRAL]\",\"potentialAction\":[{\"@type\":\"SearchAction\",\"target\":{\"@type\":\"EntryPoint\",\"urlTemplate\":\"https:\/\/fagorcookware.com\/linea-future\/?s={search_term_string}\"},\"query-input\":{\"@type\":\"PropertyValueSpecification\",\"valueRequired\":true,\"valueName\":\"search_term_string\"}}],\"inLanguage\":\"es\"}]}<\/script>\n<!-- \/ Yoast SEO plugin. -->","yoast_head_json":{"title":"Consejos - Linea Future","robots":{"index":"index","follow":"follow","max-snippet":"max-snippet:-1","max-image-preview":"max-image-preview:large","max-video-preview":"max-video-preview:-1"},"canonical":"https:\/\/fagorcookware.com\/linea-future\/que-productos-necesito\/","og_locale":"es_ES","og_type":"article","og_title":"Consejos - Linea Future","og_description":"Te ayudamos a elegir el producto que mejor se adapta a tus necesidades ESCOGER Ollas a presi\u00f3n Click aqu\u00ed ESCOGER Sartenes Click aqu\u00ed ESCOGER Ollas y cacerolas Click aqu\u00ed Cantra s.l. fabrica y\/o comercializa productos Fagor bajo licencia de la marca Fagor","og_url":"https:\/\/fagorcookware.com\/linea-future\/que-productos-necesito\/","og_site_name":"Linea Future","article_modified_time":"2022-06-10T04:31:40+00:00","twitter_card":"summary_large_image","schema":{"@context":"https:\/\/schema.org","@graph":[{"@type":"WebPage","@id":"https:\/\/fagorcookware.com\/linea-future\/que-productos-necesito\/","url":"https:\/\/fagorcookware.com\/linea-future\/que-productos-necesito\/","name":"Consejos - Linea Future","isPartOf":{"@id":"https:\/\/fagorcookware.com\/linea-future\/#website"},"datePublished":"2022-06-10T04:02:43+00:00","dateModified":"2022-06-10T04:31:40+00:00","breadcrumb":{"@id":"https:\/\/fagorcookware.com\/linea-future\/que-productos-necesito\/#breadcrumb"},"inLanguage":"es","potentialAction":[{"@type":"ReadAction","target":["https:\/\/fagorcookware.com\/linea-future\/que-productos-necesito\/"]}]},{"@type":"BreadcrumbList","@id":"https:\/\/fagorcookware.com\/linea-future\/que-productos-necesito\/#breadcrumb","itemListElement":[{"@type":"ListItem","position":1,"name":"Portada","item":"https:\/\/fagorcookware.com\/linea-future\/"},{"@type":"ListItem","position":2,"name":"Consejos"}]},{"@type":"WebSite","@id":"https:\/\/fagorcookware.com\/linea-future\/#website","url":"https:\/\/fagorcookware.com\/linea-future\/","name":"Linea Future","description":"Otro sitio m\u00e1s de Fagorcookware [CENTRAL]","potentialAction":[{"@type":"SearchAction","target":{"@type":"EntryPoint","urlTemplate":"https:\/\/fagorcookware.com\/linea-future\/?s={search_term_string}"},"query-input":{"@type":"PropertyValueSpecification","valueRequired":true,"valueName":"search_term_string"}}],"inLanguage":"es"}]}},"_links":{"self":[{"href":"https:\/\/fagorcookware.com\/linea-future\/wp-json\/wp\/v2\/pages\/239","targetHints":{"allow":["GET"]}}],"collection":[{"href":"https:\/\/fagorcookware.com\/linea-future\/wp-json\/wp\/v2\/pages"}],"about":[{"href":"https:\/\/fagorcookware.com\/linea-future\/wp-json\/wp\/v2\/types\/page"}],"author":[{"embeddable":true,"href":"https:\/\/fagorcookware.com\/linea-future\/wp-json\/wp\/v2\/users\/1"}],"replies":[{"embeddable":true,"href":"https:\/\/fagorcookware.com\/linea-future\/wp-json\/wp\/v2\/comments?post=239"}],"version-history":[{"count":7,"href":"https:\/\/fagorcookware.com\/linea-future\/wp-json\/wp\/v2\/pages\/239\/revisions"}],"predecessor-version":[{"id":296,"href":"https:\/\/fagorcookware.com\/linea-future\/wp-json\/wp\/v2\/pages\/239\/revisions\/296"}],"wp:attachment":[{"href":"https:\/\/fagorcookware.com\/linea-future\/wp-json\/wp\/v2\/media?parent=239"}],"curies":[{"name":"wp","href":"https:\/\/api.w.org\/{rel}","templated":true}]}}