{"id":2,"date":"2017-10-20T12:57:11","date_gmt":"2017-10-20T12:57:11","guid":{"rendered":"https:\/\/fagorcookware.com\/en\/?page_id=2"},"modified":"2020-01-09T15:36:09","modified_gmt":"2020-01-09T15:36:09","slug":"landing","status":"publish","type":"page","link":"https:\/\/fagorcookware.com\/en\/landing\/","title":{"rendered":"INICIO"},"content":{"rendered":"\t\t<div data-elementor-type=\"wp-post\" data-elementor-id=\"2\" class=\"elementor elementor-2\" data-elementor-post-type=\"page\">\n\t\t\t\t\t\t<section class=\"elementor-section elementor-top-section elementor-element elementor-element-390b9f6a elementor-section-height-min-height elementor-section-content-middle elementor-section-stretched elementor-section-boxed elementor-section-height-default elementor-section-items-middle\" data-id=\"390b9f6a\" data-element_type=\"section\" data-settings=\"{&quot;background_background&quot;:&quot;classic&quot;,&quot;stretch_section&quot;:&quot;section-stretched&quot;,&quot;background_motion_fx_motion_fx_mouse&quot;:&quot;yes&quot;,&quot;background_motion_fx_mouseTrack_effect&quot;:&quot;yes&quot;,&quot;background_motion_fx_mouseTrack_direction&quot;:&quot;negative&quot;,&quot;background_motion_fx_mouseTrack_speed&quot;:{&quot;unit&quot;:&quot;px&quot;,&quot;size&quot;:0.6,&quot;sizes&quot;:[]}}\">\n\t\t\t\t\t\t\t<div class=\"elementor-background-overlay\"><\/div>\n\t\t\t\t\t\t\t<div class=\"elementor-container elementor-column-gap-default\">\n\t\t\t\t\t<div class=\"elementor-column elementor-col-100 elementor-top-column elementor-element elementor-element-24bdd3e8\" data-id=\"24bdd3e8\" data-element_type=\"column\" data-settings=\"{&quot;background_background&quot;:&quot;classic&quot;}\">\n\t\t\t<div class=\"elementor-widget-wrap elementor-element-populated\">\n\t\t\t\t\t\t<div class=\"elementor-element elementor-element-f4a915a elementor-widget elementor-widget-heading\" data-id=\"f4a915a\" data-element_type=\"widget\" data-widget_type=\"heading.default\">\n\t\t\t\t<div class=\"elementor-widget-container\">\n\t\t\t\t\t<h2 class=\"elementor-heading-title elementor-size-default\">Este sitio est\u00e1 en construcci\u00f3n, pronto estar\u00e1 disponible<\/h2>\t\t\t\t<\/div>\n\t\t\t\t<\/div>\n\t\t\t\t<div class=\"elementor-element elementor-element-7d48dde elementor-widget elementor-widget-image\" data-id=\"7d48dde\" data-element_type=\"widget\" data-widget_type=\"image.default\">\n\t\t\t\t<div class=\"elementor-widget-container\">\n\t\t\t\t\t\t\t\t\t\t\t\t\t\t\t<img fetchpriority=\"high\" decoding=\"async\" width=\"746\" height=\"258\" src=\"https:\/\/fagorcookware.com\/en\/wp-content\/uploads\/sites\/15\/2019\/12\/logo.png\" class=\"attachment-large size-large wp-image-184\" alt=\"\" srcset=\"https:\/\/fagorcookware.com\/en\/wp-content\/uploads\/sites\/15\/2019\/12\/logo.png 746w, https:\/\/fagorcookware.com\/en\/wp-content\/uploads\/sites\/15\/2019\/12\/logo-300x104.png 300w\" sizes=\"(max-width: 746px) 100vw, 746px\" \/>\t\t\t\t\t\t\t\t\t\t\t\t\t\t\t<\/div>\n\t\t\t\t<\/div>\n\t\t\t\t\t<\/div>\n\t\t<\/div>\n\t\t\t\t\t<\/div>\n\t\t<\/section>\n\t\t\t\t<\/div>\n\t\t","protected":false},"excerpt":{"rendered":"<p>Este sitio est\u00e1 en construcci\u00f3n, pronto estar\u00e1 disponible<\/p>\n","protected":false},"author":1,"featured_media":0,"parent":0,"menu_order":0,"comment_status":"closed","ping_status":"closed","template":"elementor_canvas","meta":{"_acf_changed":false,"footnotes":""},"class_list":["post-2","page","type-page","status-publish"],"acf":[],"yoast_head":"<!-- This site is optimized with the Yoast SEO plugin v25.2 - https:\/\/yoast.com\/wordpress\/plugins\/seo\/ -->\n<title>INICIO - INGLES<\/title>\n<meta name=\"robots\" content=\"index, follow, max-snippet:-1, max-image-preview:large, max-video-preview:-1\" \/>\n<link rel=\"canonical\" href=\"https:\/\/fagorcookware.com\/en\/landing\/\" \/>\n<meta property=\"og:locale\" content=\"es_ES\" \/>\n<meta property=\"og:type\" content=\"article\" \/>\n<meta property=\"og:title\" content=\"INICIO - INGLES\" \/>\n<meta property=\"og:description\" content=\"Este sitio est\u00e1 en construcci\u00f3n, pronto estar\u00e1 disponible\" \/>\n<meta property=\"og:url\" content=\"https:\/\/fagorcookware.com\/en\/landing\/\" \/>\n<meta property=\"og:site_name\" content=\"INGLES\" \/>\n<meta property=\"article:modified_time\" content=\"2020-01-09T15:36:09+00:00\" \/>\n<meta property=\"og:image\" content=\"https:\/\/fagorcookware.com\/en\/wp-content\/uploads\/sites\/15\/2019\/12\/logo.png\" \/>\n<meta name=\"twitter:card\" content=\"summary_large_image\" \/>\n<script type=\"application\/ld+json\" class=\"yoast-schema-graph\">{\"@context\":\"https:\/\/schema.org\",\"@graph\":[{\"@type\":\"WebPage\",\"@id\":\"https:\/\/fagorcookware.com\/en\/landing\/\",\"url\":\"https:\/\/fagorcookware.com\/en\/landing\/\",\"name\":\"INICIO - INGLES\",\"isPartOf\":{\"@id\":\"https:\/\/fagorcookware.com\/en\/#website\"},\"primaryImageOfPage\":{\"@id\":\"https:\/\/fagorcookware.com\/en\/landing\/#primaryimage\"},\"image\":{\"@id\":\"https:\/\/fagorcookware.com\/en\/landing\/#primaryimage\"},\"thumbnailUrl\":\"https:\/\/fagorcookware.com\/en\/wp-content\/uploads\/sites\/15\/2019\/12\/logo.png\",\"datePublished\":\"2017-10-20T12:57:11+00:00\",\"dateModified\":\"2020-01-09T15:36:09+00:00\",\"breadcrumb\":{\"@id\":\"https:\/\/fagorcookware.com\/en\/landing\/#breadcrumb\"},\"inLanguage\":\"es\",\"potentialAction\":[{\"@type\":\"ReadAction\",\"target\":[\"https:\/\/fagorcookware.com\/en\/landing\/\"]}]},{\"@type\":\"ImageObject\",\"inLanguage\":\"es\",\"@id\":\"https:\/\/fagorcookware.com\/en\/landing\/#primaryimage\",\"url\":\"https:\/\/fagorcookware.com\/en\/wp-content\/uploads\/sites\/15\/2019\/12\/logo.png\",\"contentUrl\":\"https:\/\/fagorcookware.com\/en\/wp-content\/uploads\/sites\/15\/2019\/12\/logo.png\",\"width\":746,\"height\":258},{\"@type\":\"BreadcrumbList\",\"@id\":\"https:\/\/fagorcookware.com\/en\/landing\/#breadcrumb\",\"itemListElement\":[{\"@type\":\"ListItem\",\"position\":1,\"name\":\"Portada\",\"item\":\"https:\/\/fagorcookware.com\/en\/\"},{\"@type\":\"ListItem\",\"position\":2,\"name\":\"INICIO\"}]},{\"@type\":\"WebSite\",\"@id\":\"https:\/\/fagorcookware.com\/en\/#website\",\"url\":\"https:\/\/fagorcookware.com\/en\/\",\"name\":\"INGLES\",\"description\":\"S\u00f3lo otro sitio de WordPress\",\"potentialAction\":[{\"@type\":\"SearchAction\",\"target\":{\"@type\":\"EntryPoint\",\"urlTemplate\":\"https:\/\/fagorcookware.com\/en\/?s={search_term_string}\"},\"query-input\":{\"@type\":\"PropertyValueSpecification\",\"valueRequired\":true,\"valueName\":\"search_term_string\"}}],\"inLanguage\":\"es\"}]}<\/script>\n<!-- \/ Yoast SEO plugin. -->","yoast_head_json":{"title":"INICIO - INGLES","robots":{"index":"index","follow":"follow","max-snippet":"max-snippet:-1","max-image-preview":"max-image-preview:large","max-video-preview":"max-video-preview:-1"},"canonical":"https:\/\/fagorcookware.com\/en\/landing\/","og_locale":"es_ES","og_type":"article","og_title":"INICIO - INGLES","og_description":"Este sitio est\u00e1 en construcci\u00f3n, pronto estar\u00e1 disponible","og_url":"https:\/\/fagorcookware.com\/en\/landing\/","og_site_name":"INGLES","article_modified_time":"2020-01-09T15:36:09+00:00","og_image":[{"url":"https:\/\/fagorcookware.com\/en\/wp-content\/uploads\/sites\/15\/2019\/12\/logo.png","type":"","width":"","height":""}],"twitter_card":"summary_large_image","schema":{"@context":"https:\/\/schema.org","@graph":[{"@type":"WebPage","@id":"https:\/\/fagorcookware.com\/en\/landing\/","url":"https:\/\/fagorcookware.com\/en\/landing\/","name":"INICIO - INGLES","isPartOf":{"@id":"https:\/\/fagorcookware.com\/en\/#website"},"primaryImageOfPage":{"@id":"https:\/\/fagorcookware.com\/en\/landing\/#primaryimage"},"image":{"@id":"https:\/\/fagorcookware.com\/en\/landing\/#primaryimage"},"thumbnailUrl":"https:\/\/fagorcookware.com\/en\/wp-content\/uploads\/sites\/15\/2019\/12\/logo.png","datePublished":"2017-10-20T12:57:11+00:00","dateModified":"2020-01-09T15:36:09+00:00","breadcrumb":{"@id":"https:\/\/fagorcookware.com\/en\/landing\/#breadcrumb"},"inLanguage":"es","potentialAction":[{"@type":"ReadAction","target":["https:\/\/fagorcookware.com\/en\/landing\/"]}]},{"@type":"ImageObject","inLanguage":"es","@id":"https:\/\/fagorcookware.com\/en\/landing\/#primaryimage","url":"https:\/\/fagorcookware.com\/en\/wp-content\/uploads\/sites\/15\/2019\/12\/logo.png","contentUrl":"https:\/\/fagorcookware.com\/en\/wp-content\/uploads\/sites\/15\/2019\/12\/logo.png","width":746,"height":258},{"@type":"BreadcrumbList","@id":"https:\/\/fagorcookware.com\/en\/landing\/#breadcrumb","itemListElement":[{"@type":"ListItem","position":1,"name":"Portada","item":"https:\/\/fagorcookware.com\/en\/"},{"@type":"ListItem","position":2,"name":"INICIO"}]},{"@type":"WebSite","@id":"https:\/\/fagorcookware.com\/en\/#website","url":"https:\/\/fagorcookware.com\/en\/","name":"INGLES","description":"S\u00f3lo otro sitio de WordPress","potentialAction":[{"@type":"SearchAction","target":{"@type":"EntryPoint","urlTemplate":"https:\/\/fagorcookware.com\/en\/?s={search_term_string}"},"query-input":{"@type":"PropertyValueSpecification","valueRequired":true,"valueName":"search_term_string"}}],"inLanguage":"es"}]}},"_links":{"self":[{"href":"https:\/\/fagorcookware.com\/en\/wp-json\/wp\/v2\/pages\/2","targetHints":{"allow":["GET"]}}],"collection":[{"href":"https:\/\/fagorcookware.com\/en\/wp-json\/wp\/v2\/pages"}],"about":[{"href":"https:\/\/fagorcookware.com\/en\/wp-json\/wp\/v2\/types\/page"}],"author":[{"embeddable":true,"href":"https:\/\/fagorcookware.com\/en\/wp-json\/wp\/v2\/users\/1"}],"replies":[{"embeddable":true,"href":"https:\/\/fagorcookware.com\/en\/wp-json\/wp\/v2\/comments?post=2"}],"version-history":[{"count":0,"href":"https:\/\/fagorcookware.com\/en\/wp-json\/wp\/v2\/pages\/2\/revisions"}],"wp:attachment":[{"href":"https:\/\/fagorcookware.com\/en\/wp-json\/wp\/v2\/media?parent=2"}],"curies":[{"name":"wp","href":"https:\/\/api.w.org\/{rel}","templated":true}]}}